{"id":48533,"date":"2025-07-30T01:26:43","date_gmt":"2025-07-29T23:26:43","guid":{"rendered":"https:\/\/nextstaff.net\/?page_id=48533"},"modified":"2025-09-29T00:26:59","modified_gmt":"2025-09-28T22:26:59","slug":"cho-o","status":"publish","type":"page","link":"https:\/\/nextstaff.net\/vi\/cho-o\/","title":{"rendered":"Ch\u1ed7 \u1edf"},"content":{"rendered":"\n<header class=\"gb-element-6285bce0\">\n<div class=\"gbp-section__inner\">\n<div class=\"gb-element-827eb14b\">\n<div>\n<p class=\"gb-text gbp-section__tagline\">NEXTSTAFF SERVICES<\/p>\n\n\n\n<h1 class=\"gb-text gb-text-066c8019\">Ch\u00fang t\u00f4i s\u1ebd t\u00ecm ch\u1ed7 \u1edf cho b\u1ea1n<\/h1>\n\n\n\n<p class=\"gb-text gb-text-2441d082\">Ch\u00fang t\u00f4i lo t\u00ecm ki\u1ebfm v\u00e0 \u0111\u1eb7t ch\u1ed7 cho b\u1ea1n, \u0111\u1ea3m b\u1ea3o ch\u1ed7 \u1edf gi\u00e1 h\u1ee3p l\u00fd, \u0111\u00e3 \u0111\u01b0\u1ee3c th\u1ea9m \u0111\u1ecbnh g\u1ea7n n\u01a1i h\u1ecdc ngh\u1ec1 ho\u1eb7c l\u00e0m vi\u1ec7c c\u1ee7a b\u1ea1n. B\u1ea1n c\u00f3 th\u1ec3 chuy\u1ec3n v\u00e0o ngay v\u00e0 t\u1eadp trung ho\u00e0n to\u00e0n v\u00e0o vi\u1ec7c \u1ed5n \u0111\u1ecbnh cu\u1ed9c s\u1ed1ng.<\/p>\n\n\n\n<a class=\"gb-text gbp-buttonu002du002dprimary gb-text-ece54ef7 gbp-button--primary\" target=\"_blank\" rel=\"noopener\" href=\"https:\/\/nextstaff.net\/vi\/lien-he\/\">Nh\u1eadn t\u01b0 v\u1ea5n mi\u1ec5n ph\u00ed ngay<\/a>\n<\/div>\n\n\n\n<div class=\"gb-element-1dfe813d\">\n<img loading=\"lazy\" decoding=\"async\" width=\"938\" height=\"703\" class=\"gbpu002du002dborder-radius gb-media-0adbf92a gbp--border-radius\" src=\"https:\/\/nextstaff.net\/wp-content\/uploads\/2025\/07\/Wohnung1.webp\" title=\"Wohnung(1)\" alt=\"\" srcset=\"https:\/\/nextstaff.net\/wp-content\/uploads\/2025\/07\/Wohnung1.webp 938w, https:\/\/nextstaff.net\/wp-content\/uploads\/2025\/07\/Wohnung1-300x225.webp 300w, https:\/\/nextstaff.net\/wp-content\/uploads\/2025\/07\/Wohnung1-768x576.webp 768w\" sizes=\"auto, (max-width: 938px) 100vw, 938px\" \/>\n\n\n\n<div class=\"gb-element-ddb7e3a3\">\n<img loading=\"lazy\" decoding=\"async\" width=\"938\" height=\"703\" class=\"gbpu002du002dborder-radius gb-media-cb6b5be6 gbp--border-radius\" src=\"https:\/\/nextstaff.net\/wp-content\/uploads\/2025\/07\/Wohnung-2.webp\" title=\"Wohnung (2)\" alt=\"\" srcset=\"https:\/\/nextstaff.net\/wp-content\/uploads\/2025\/07\/Wohnung-2.webp 938w, https:\/\/nextstaff.net\/wp-content\/uploads\/2025\/07\/Wohnung-2-300x225.webp 300w, https:\/\/nextstaff.net\/wp-content\/uploads\/2025\/07\/Wohnung-2-768x576.webp 768w\" sizes=\"auto, (max-width: 938px) 100vw, 938px\" \/>\n<\/div>\n<\/div>\n<\/div>\n<\/div>\n<\/header>\n\n\n\n<div class=\"gbp--border-radius gb-element-d9adf189\">\n<div class=\"gbp-section__inner gb-element-908a52a3\">\n<h2 class=\"gb-text gb-text-3430a7e7\">S\u1eb5n s\u00e0ng n\u00f3i v\u1ec1 kh\u1edfi \u0111\u1ea7u s\u1ef1 nghi\u1ec7p c\u1ee7a b\u1ea1n?<\/h2>\n\n\n\n<p class=\"gb-text gb-text-4dfbfe4b\">H\u00e3y nh\u1eafn cho ch\u00fang t\u00f4i h\u00f4m nay v\u00e0 \u0111\u1eb7t l\u1ecbch t\u01b0 v\u1ea5n mi\u1ec5n ph\u00ed 30 ph\u00fat.<\/p>\n\n\n\n<a class=\"gb-text gbp-button--primary gb-text-dad24ccf\" href=\"https:\/\/nextstaff.net\/vi\/lien-he\/\">Y\u00eau c\u1ea7u t\u01b0 v\u1ea5n mi\u1ec5n ph\u00ed<\/a>\n<\/div>\n<\/div>\n","protected":false},"excerpt":{"rendered":"<p>NEXTSTAFF SERVICES Ch\u00fang t\u00f4i s\u1ebd t\u00ecm ch\u1ed7 \u1edf cho b\u1ea1n Ch\u00fang t\u00f4i lo t\u00ecm ki\u1ebfm v\u00e0 \u0111\u1eb7t ch\u1ed7 cho b\u1ea1n, \u0111\u1ea3m b\u1ea3o ch\u1ed7 \u1edf gi\u00e1 h\u1ee3p l\u00fd, \u0111\u00e3 \u0111\u01b0\u1ee3c th\u1ea9m \u0111\u1ecbnh g\u1ea7n n\u01a1i h\u1ecdc ngh\u1ec1 ho\u1eb7c l\u00e0m vi\u1ec7c c\u1ee7a b\u1ea1n. B\u1ea1n c\u00f3 th\u1ec3 chuy\u1ec3n v\u00e0o ngay v\u00e0 t\u1eadp trung ho\u00e0n to\u00e0n v\u00e0o vi\u1ec7c \u1ed5n \u0111\u1ecbnh &#8230; <a title=\"Ch\u1ed7 \u1edf\" class=\"read-more\" href=\"https:\/\/nextstaff.net\/vi\/cho-o\/\" aria-label=\"\u0110\u1ecdc th\u00eam v\u1ec1 Ch\u1ed7 \u1edf\">\u0110\u1ecdc ti\u1ebfp<\/a><\/p>\n","protected":false},"author":1,"featured_media":0,"parent":0,"menu_order":0,"comment_status":"closed","ping_status":"closed","template":"","meta":{"footnotes":""},"class_list":["post-48533","page","type-page","status-publish"],"_links":{"self":[{"href":"https:\/\/nextstaff.net\/vi\/wp-json\/wp\/v2\/pages\/48533","targetHints":{"allow":["GET"]}}],"collection":[{"href":"https:\/\/nextstaff.net\/vi\/wp-json\/wp\/v2\/pages"}],"about":[{"href":"https:\/\/nextstaff.net\/vi\/wp-json\/wp\/v2\/types\/page"}],"author":[{"embeddable":true,"href":"https:\/\/nextstaff.net\/vi\/wp-json\/wp\/v2\/users\/1"}],"replies":[{"embeddable":true,"href":"https:\/\/nextstaff.net\/vi\/wp-json\/wp\/v2\/comments?post=48533"}],"version-history":[{"count":2,"href":"https:\/\/nextstaff.net\/vi\/wp-json\/wp\/v2\/pages\/48533\/revisions"}],"predecessor-version":[{"id":48580,"href":"https:\/\/nextstaff.net\/vi\/wp-json\/wp\/v2\/pages\/48533\/revisions\/48580"}],"wp:attachment":[{"href":"https:\/\/nextstaff.net\/vi\/wp-json\/wp\/v2\/media?parent=48533"}],"curies":[{"name":"wp","href":"https:\/\/api.w.org\/{rel}","templated":true}]}}