{"id":48546,"date":"2025-07-30T01:41:40","date_gmt":"2025-07-29T23:41:40","guid":{"rendered":"https:\/\/nextstaff.net\/?page_id=48546"},"modified":"2025-09-29T00:27:26","modified_gmt":"2025-09-28T22:27:26","slug":"visa-giay-phep-lao-dong","status":"publish","type":"page","link":"https:\/\/nextstaff.net\/vi\/visa-giay-phep-lao-dong\/","title":{"rendered":"Visa &amp; Gi\u1ea5y ph\u00e9p lao \u0111\u1ed9ng"},"content":{"rendered":"\n<header class=\"gb-element-6285bce0\">\n<div class=\"gbp-section__inner\">\n<div class=\"gb-element-827eb14b\">\n<div>\n<p class=\"gb-text gbp-section__tagline\">NEXTSTAFF SERVICES<\/p>\n\n\n\n<h1 class=\"gb-text gb-text-066c8019\">Sang \u0110\u1ee9c an t\u00e2m, kh\u00f4ng lo th\u1ee7 t\u1ee5c<\/h1>\n\n\n\n<p class=\"gb-text gb-text-2441d082\">D\u00f9 l\u00e0 visa h\u1ecdc ngh\u1ec1, visa lao \u0111\u1ed9ng, visa theo h\u1ea1n ng\u1ea1ch hay Th\u1ebb C\u01a1 H\u1ed9i (Opportunity Card) \u2014 ch\u00fang t\u00f4i \u0111\u1ed3ng h\u00e0nh c\u00e1 nh\u00e2n ho\u00e1 v\u00e0 h\u01b0\u1edbng d\u1eabn an to\u00e0n qua t\u1eebng b\u01b0\u1edbc n\u1ed9p h\u1ed3 s\u01a1.<\/p>\n\n\n\n<a class=\"gb-text gbp-buttonu002du002dprimary gb-text-ece54ef7 gbp-button--primary\" href=\"https:\/\/nextstaff.net\/vi\/lien-he\/\" target=\"_blank\" rel=\"noopener\">Nh\u1eadn t\u01b0 v\u1ea5n mi\u1ec5n ph\u00ed ngay<\/a>\n<\/div>\n\n\n\n<div class=\"gb-element-1dfe813d\">\n<img loading=\"lazy\" decoding=\"async\" width=\"938\" height=\"703\" class=\"gbpu002du002dborder-radius gb-media-0adbf92a gbp--border-radius\" src=\"https:\/\/nextstaff.net\/wp-content\/uploads\/2025\/07\/VISUM-1.webp\" title=\"VISUM (1)\" alt=\"\" srcset=\"https:\/\/nextstaff.net\/wp-content\/uploads\/2025\/07\/VISUM-1.webp 938w, https:\/\/nextstaff.net\/wp-content\/uploads\/2025\/07\/VISUM-1-300x225.webp 300w, https:\/\/nextstaff.net\/wp-content\/uploads\/2025\/07\/VISUM-1-768x576.webp 768w\" sizes=\"auto, (max-width: 938px) 100vw, 938px\" \/>\n\n\n\n<div class=\"gb-element-ddb7e3a3\">\n<img loading=\"lazy\" decoding=\"async\" width=\"938\" height=\"703\" class=\"gbpu002du002dborder-radius gb-media-cb6b5be6 gbp--border-radius\" src=\"https:\/\/nextstaff.net\/wp-content\/uploads\/2025\/07\/VISUM.webp\" title=\"VISUM\" alt=\"\" srcset=\"https:\/\/nextstaff.net\/wp-content\/uploads\/2025\/07\/VISUM.webp 938w, https:\/\/nextstaff.net\/wp-content\/uploads\/2025\/07\/VISUM-300x225.webp 300w, https:\/\/nextstaff.net\/wp-content\/uploads\/2025\/07\/VISUM-768x576.webp 768w\" sizes=\"auto, (max-width: 938px) 100vw, 938px\" \/>\n<\/div>\n<\/div>\n<\/div>\n<\/div>\n<\/header>\n\n\n\n<div class=\"gbpu002du002dborder-radius gb-element-a5b74397 gbp--border-radius\">\n<div class=\"gbp-section__inner\">\n<div class=\"gb-element-ea676b4c\">\n<div class=\"gb-element-2846708f\">\n<img loading=\"lazy\" decoding=\"async\" width=\"683\" height=\"198\" class=\"gb-media-b0a9a3ab\" src=\"https:\/\/nextstaff.net\/wp-content\/uploads\/2025\/05\/cropped-nextstaff_logo_highres.webp\" title=\"cropped-nextstaff_logo_highres.webp\" alt=\"\" srcset=\"https:\/\/nextstaff.net\/wp-content\/uploads\/2025\/05\/cropped-nextstaff_logo_highres.webp 683w, https:\/\/nextstaff.net\/wp-content\/uploads\/2025\/05\/cropped-nextstaff_logo_highres-300x87.webp 300w\" sizes=\"auto, (max-width: 683px) 100vw, 683px\" \/>\n<\/div>\n\n\n\n<h2 class=\"gb-text gb-text-bb3dec06\">C\u00e1c l\u1ef1a ch\u1ecdn visa c\u1ee7a b\u1ea1n<\/h2>\n<\/div>\n\n\n\n<div class=\"gb-element-4f67803e\">\n<div class=\"gb-element-f9932fa6\">\n<div class=\"gb-text-fde4290e\"><span class=\"gb-shape\"><svg id=\"fi_3601002\" enable-background=\"new 0 0 512 512\" height=\"512\" viewBox=\"0 0 512 512\" width=\"512\" xmlns=\"http:\/\/www.w3.org\/2000\/svg\"><g><g><circle cx=\"256\" cy=\"256\" fill=\"#ffb54a\" r=\"256\"><\/circle><\/g><path d=\"m341.163 497.473c78.312-27.62 139.156-92.243 161.529-172.881l-208.302-208.302s-88.712 74.301-85.07 94.69l40.698 40.207-13.628 141.513z\" fill=\"#f9880d\"><\/path><g><g><path d=\"m294.39 116.29v276.41h-58v-205.06l-27.07 23.34-37.87-43.93 55.38-47.75 3.49-3.01z\" fill=\"#f8fffb\"><\/path><\/g><\/g><g><g><path d=\"m256 116.29h38.39v276.41h-38.39z\" fill=\"#d8d8d8\"><\/path><\/g><\/g><\/g><\/svg><\/span><\/div>\n\n\n\n<div>\n<h3 class=\"gb-text gb-text-feb0e225\">Visa h\u1ecdc ngh\u1ec1<\/h3>\n\n\n\n<p>Ch\u00fang t\u00f4i x\u1eed l\u00fd h\u1ed3 s\u01a1 xin visa h\u1ecdc ngh\u1ec1 \u0111\u1ec3 b\u1ea1n b\u1eaft \u0111\u1ea7u \u0111\u00e0o t\u1ea1o \u0111\u00fang h\u1eb9n, kh\u00f4ng c\u0103ng th\u1eb3ng.<\/p>\n<\/div>\n<\/div>\n\n\n\n<div class=\"gb-element-53c30d8d\">\n<div class=\"gb-text-dbc85cc4\"><span class=\"gb-shape\"><svg id=\"fi_3601634\" enable-background=\"new 0 0 512 512\" height=\"512\" viewBox=\"0 0 512 512\" width=\"512\" xmlns=\"http:\/\/www.w3.org\/2000\/svg\"><g><g><circle cx=\"256\" cy=\"256\" fill=\"#424242\" r=\"256\"><\/circle><\/g><path d=\"m283.589 510.517c110.035-11.793 199.195-93.297 222.46-199.481l-165.067-165.068s-135.046-3.732-183.826 76.498l71.883 72.065-64.011 98.169z\" fill=\"#232323\"><\/path><g><path d=\"m362.478 392.7h-197.45v-66.649l126.808-96.003c16.08-12.174 12.205-29.149 10.635-34.062-1.513-4.732-7.953-20.22-27.306-20.785-.431-.012-1.19-.019-1.494-.021h-22.422c-33.029 0-35.595 36.193-35.595 47.286h-58.497c0-62.284 38.692-105.783 94.092-105.783l22.753.001s1.912.017 2.864.044c37.826 1.105 69.745 25.224 81.325 61.445 11.728 36.688-.458 75.356-31.045 98.513l-75.972 57.517h111.305v58.497z\" fill=\"#f8fffb\"><\/path><\/g><g><g><path d=\"m327.144 276.684-67.271 50.933v-73.373l31.961-24.196c16.077-12.173 12.204-29.148 10.64-34.059-1.513-4.74-7.958-20.222-27.312-20.786-.434-.01-1.19-.02-1.493-.02h-13.797v-58.497h14.13s1.906.02 2.864.04c37.821 1.109 69.742 25.224 81.321 61.452 11.73 36.681-.453 75.35-31.043 98.506z\" fill=\"#d8d8d8\"><\/path><\/g><path d=\"m259.873 334.203h102.602v58.497h-102.602z\" fill=\"#d8d8d8\"><\/path><\/g><\/g><\/svg><\/span><\/div>\n\n\n\n<div>\n<h3 class=\"gb-text gb-text-b3395dec\">Visa lao \u0111\u1ed9ng<\/h3>\n\n\n\n<p>H\u1ed7 tr\u1ee3 to\u00e0n b\u1ed9 th\u1ee7 t\u1ee5c cho visa lao \u0111\u1ed9ng, gi\u00fap b\u1ea1n kh\u1edfi \u0111\u1ea7u c\u00f4ng vi\u1ec7c m\u1edbi nhanh ch\u00f3ng v\u00e0 \u0111\u00fang quy \u0111\u1ecbnh.<\/p>\n<\/div>\n<\/div>\n\n\n\n<div class=\"gb-element-54b34c93\">\n<div class=\"gb-text-e9bf9fc1\"><span class=\"gb-shape\"><svg id=\"fi_3601637\" enable-background=\"new 0 0 512 512\" height=\"512\" viewBox=\"0 0 512 512\" width=\"512\" xmlns=\"http:\/\/www.w3.org\/2000\/svg\"><g><g><g><circle cx=\"256\" cy=\"256\" fill=\"#07e5ca\" r=\"256\"><\/circle><\/g><\/g><path d=\"m258.159 342.399-33.451-29.669-36.431 50.377 138.876 138.863c86.085-24.859 153.512-93.679 176.406-180.58l-176.549-176.547-161.55 44.471 70.927 70.774-3.625 16.135 55.714 53.88c0-.001-19.143 14.362-30.317 12.296z\" fill=\"#00b59b\"><\/path><path d=\"m327.01 144.843c-16.043-17.879-42.838-28.553-71.677-28.553-5.844 0-11.706.537-17.422 1.596l-1.761.325c-17.548 3.242-33.445 11.308-45.975 23.324-12.277 11.782-20.479 26.58-23.72 42.793l-.996 4.985 59.247 4.483 1.205-3.114c3.434-8.87 11.712-15.517 21.603-17.346l1.761-.325c11.174-2.064 22.649 1.705 29.953 9.845 9.685 10.789 8.718 28.122-2.113 37.851-5.246 4.714-31.07 10.157-39.66 9.799l-4.693-.201v45.918l4.693-.201c8.647-.363 34.416 5.086 39.661 9.799 10.83 9.729 11.797 27.062 2.111 37.852-7.303 8.139-18.779 11.909-29.953 9.844l-1.759-.325c-9.892-1.829-18.17-8.476-21.604-17.346l-1.205-3.114-59.247 4.483.996 4.985c3.24 16.213 11.442 31.011 23.721 42.794 12.528 12.016 28.426 20.081 45.974 23.323l1.759.325c5.718 1.059 11.58 1.596 17.424 1.596 28.839 0 55.634-10.674 71.676-28.552 27.032-30.122 25.758-76.953-2.307-108.422 28.065-31.469 29.34-78.3 2.308-108.421z\" fill=\"#f8fffb\"><\/path><path d=\"m324.7 253.26c28.07 31.47 29.34 78.3 2.31 108.43-15.92 17.73-42.42 28.38-71.01 28.54v-56.17c8.88-.17 17.4-3.88 23.23-10.39 9.68-10.79 8.72-28.12-2.11-37.85-2.9-2.6-12.05-5.43-21.12-7.38v-50.36c9.07-1.95 18.22-4.77 21.12-7.37 10.83-9.73 11.79-27.06 2.11-37.85-5.83-6.51-14.35-10.22-23.23-10.39v-56.17c28.59.16 55.09 10.8 71.01 28.54 27.03 30.12 25.76 76.95-2.31 108.42z\" fill=\"#d8d8d8\"><\/path><\/g><\/svg><\/span><\/div>\n\n\n\n<div>\n<h3 class=\"gb-text gb-text-8b1227c2\">Visa theo h\u1ea1n ng\u1ea1ch<\/h3>\n\n\n\n<p>Ch\u00fang t\u00f4i d\u1eabn d\u1eaft quy tr\u00ecnh h\u1ea1n ng\u1ea1ch, gi\u00fap b\u1ea1n gi\u1eef su\u1ea5t visa trong ch\u1ec9 ti\u00eau h\u1eb1ng n\u0103m v\u00e0 kh\u00f4ng b\u1ecf l\u1ee1 th\u1eddi h\u1ea1n.<\/p>\n<\/div>\n<\/div>\n\n\n\n<div class=\"gb-element-9099c6b1\">\n<div class=\"gb-text-839e6916\"><span class=\"gb-shape\"><svg id=\"fi_3601641\" enable-background=\"new 0 0 512 512\" height=\"512\" viewBox=\"0 0 512 512\" width=\"512\" xmlns=\"http:\/\/www.w3.org\/2000\/svg\"><g><g><circle cx=\"256\" cy=\"256\" fill=\"#424242\" r=\"256\"><\/circle><\/g><path d=\"m508.838 296.268-176.968-176.968-178.42 204.73 176.969 176.969c92.62-28.098 163.018-107.264 178.419-204.731z\" fill=\"#232323\"><\/path><path d=\"m331.87 266.03v-146.73h-75.32l-103.1 147.91v56.82h120.42v68.67h58v-68.67h37.07v-58zm-58 0h-48.9l48.9-70.14z\" fill=\"#f8fffb\"><\/path><path d=\"m331.87 266.03v-146.73h-75.32l-.55.79v101.43l17.87-25.63v70.14h-17.87v58h17.87v68.67h58v-68.67h37.07v-58z\" fill=\"#d8d8d8\"><\/path><\/g><\/svg><\/span><\/div>\n\n\n\n<div>\n<h3 class=\"gb-text gb-text-7a682315\">Th\u1ebb C\u01a1 H\u1ed9i (Opportunity Card)<\/h3>\n\n\n\n<p>Ch\u00fang t\u00f4i ki\u1ec3m tra \u0111i\u1ec3m, chu\u1ea9n b\u1ecb h\u1ed3 s\u01a1 t\u1ed1i \u01b0u \u0111\u1ec3 b\u1ea1n b\u1eaft \u0111\u1ea7u con \u0111\u01b0\u1eddng s\u1ef1 nghi\u1ec7p tay ngh\u1ec1 t\u1ea1i \u0110\u1ee9c.<\/p>\n<\/div>\n<\/div>\n<\/div>\n<\/div>\n<\/div>\n\n\n\n<div class=\"gbp-section\">\n<div class=\"gbp-section__inner gb-element-d2e8c568\">\n<div class=\"gb-element-5d7921c6\">\n<div class=\"gb-element-cf1a3228\">\n<h2 class=\"gb-text gb-text-7b4e2f25\">Di c\u01b0 lao \u0111\u1ed9ng tay ngh\u1ec1 v\u00e0o \u0110\u1ee9c \u0111ang th\u00e0nh c\u00f4ng<\/h2>\n\n\n\n<p class=\"gb-text\">\u0110\u1ee9c \u0111ang \u1ee9ng ph\u00f3 t\u00ecnh tr\u1ea1ng thi\u1ebfu h\u1ee5t nh\u00e2n l\u1ef1c tay ngh\u1ec1 b\u1eb1ng chi\u1ebfn l\u01b0\u1ee3c thu h\u00fat c\u00f3 m\u1ee5c ti\u00eau, m\u1edf r\u1ed9ng c\u00e1nh c\u1eeda cho nh\u00e2n s\u1ef1 qu\u1ed1c t\u1ebf. N\u0103m 2024, c\u00f3 kho\u1ea3ng 172.000 visa lao \u0111\u1ed9ng \u0111\u01b0\u1ee3c c\u1ea5p \u2014 m\u1ee9c cao k\u1ef7 l\u1ee5c, t\u0103ng kho\u1ea3ng 10% so v\u1edbi n\u0103m tr\u01b0\u1edbc. Lu\u1eadt Nh\u1eadp c\u01b0 cho Nh\u00e2n l\u1ef1c Tay ngh\u1ec1 (FEG) gi\u1eef vai tr\u00f2 trung t\u00e2m, cho ph\u00e9p c\u1ea5p kho\u1ea3ng 88.500 visa d\u00e0nh ri\u00eang cho lao \u0111\u1ed9ng c\u00f3 tay ngh\u1ec1.<\/p>\n\n\n\n<p>Ngo\u00e0i ra c\u00f2n c\u00f3 visa chuy\u00ean bi\u1ec7t cho \u0111i\u1ec1u d\u01b0\u1ee1ng (h\u01a1n 10.400 h\u1ed3 s\u01a1) v\u00e0 kho\u1ea3ng 5.000 Th\u1ebb C\u01a1 H\u1ed9i cho ng\u01b0\u1eddi t\u00ecm vi\u1ec7c. Nh\u1eefng con s\u1ed1 t\u0103ng m\u1ea1nh n\u00e0y cho th\u1ea5y tuy\u1ec3n d\u1ee5ng qu\u1ed1c t\u1ebf ng\u00e0y c\u00e0ng quan tr\u1ecdng \u0111\u1ed1i v\u1edbi kinh t\u1ebf \u0110\u1ee9c.<\/p>\n<\/div>\n\n\n\n<div class=\"gb-element-65d14d0e\">\n<div class=\"gb-element-5039a953\">\n<h3 class=\"gb-text gb-text-f39a960e\">172k<\/h3>\n\n\n\n<h3 class=\"gb-text gb-text-03acec55\">visa lao \u0111\u1ed9ng n\u0103m 2024<\/h3>\n<\/div>\n\n\n\n<div class=\"gb-element-69a19883\">\n<h3 class=\"gb-text gb-text-a6c46a37\">10%<\/h3>\n\n\n\n<h3 class=\"gb-text gb-text-eef3f3a3\">t\u0103ng so v\u1edbi 2023<\/h3>\n<\/div>\n<\/div>\n<\/div>\n<\/div>\n<\/div>\n\n\n\n<div class=\"gbp--border-radius gb-element-d9adf189\">\n<div class=\"gbp-section__inner gb-element-908a52a3\">\n<h2 class=\"gb-text gb-text-3430a7e7\">S\u1eb5n s\u00e0ng n\u00f3i v\u1ec1 kh\u1edfi \u0111\u1ea7u s\u1ef1 nghi\u1ec7p c\u1ee7a b\u1ea1n?<\/h2>\n\n\n\n<p class=\"gb-text gb-text-4dfbfe4b\">H\u00e3y nh\u1eafn cho ch\u00fang t\u00f4i h\u00f4m nay v\u00e0 \u0111\u1eb7t l\u1ecbch t\u01b0 v\u1ea5n mi\u1ec5n ph\u00ed 30 ph\u00fat.<\/p>\n\n\n\n<a class=\"gb-text gbp-button--primary gb-text-dad24ccf\" href=\"https:\/\/nextstaff.net\/vi\/lien-he\/\">Y\u00eau c\u1ea7u t\u01b0 v\u1ea5n mi\u1ec5n ph\u00ed<\/a>\n<\/div>\n<\/div>\n\n\n\n<div class=\"gbp-section\">\n<div class=\"gbp-section__inner gb-element-c2a28c1a\">\n<h3 class=\"gb-text gb-text-e5184bd7\">C\u00e2u h\u1ecfi th\u01b0\u1eddng g\u1eb7p (FAQ)<\/h3>\n\n\n\n<div class=\"gb-accordion\" data-transition=\"slide\">\n<div class=\"gb-accordion__item\">\n<div role=\"button\" tabindex=\"0\" class=\"gb-accordion__toggle gb-accordion__toggle-02283e2e\" id=\"gb-accordion-toggle-02283e2e\">\n<span class=\"gb-text gb-text-5d692647\">T\u00f4i c\u00f3 c\u1ea7n visa \u0111\u1ec3 l\u00e0m vi\u1ec7c t\u1ea1i \u0110\u1ee9c v\u1edbi t\u01b0 c\u00e1ch lao \u0111\u1ed9ng tay ngh\u1ec1 kh\u00f4ng?<\/span>\n\n\n\n<span class=\"gb-accordion__toggle-icon gb-accordion__toggle-icon-3acf233e\"><span class=\"gb-accordion__toggle-icon-open\"><svg aria-hidden=\"true\" viewBox=\"0 0 256 256\"><rect width=\"256\" height=\"256\" fill=\"none\"><\/rect><line x1=\"40\" y1=\"128\" x2=\"216\" y2=\"128\" fill=\"none\" stroke=\"currentColor\" stroke-linecap=\"round\" stroke-linejoin=\"round\" stroke-width=\"16\"><\/line><line x1=\"128\" y1=\"40\" x2=\"128\" y2=\"216\" fill=\"none\" stroke=\"currentColor\" stroke-linecap=\"round\" stroke-linejoin=\"round\" stroke-width=\"16\"><\/line><\/svg><\/span><span class=\"gb-accordion__toggle-icon-close\"><svg aria-hidden=\"true\" viewBox=\"0 0 256 256\"><rect width=\"256\" height=\"256\" fill=\"none\"><\/rect><line x1=\"40\" y1=\"128\" x2=\"216\" y2=\"128\" fill=\"none\" stroke=\"currentColor\" stroke-linecap=\"round\" stroke-linejoin=\"round\" stroke-width=\"16\"><\/line><\/svg><\/span><\/span>\n<\/div>\n\n\n\n<div class=\"gb-accordion__content gb-accordion__content-ac33a701\" id=\"gb-accordion-content-ac33a701\">\n<div class=\"gb-element-6628f6ae\">\n<p>\u0110\u00fang v\u1eady. N\u1ebfu b\u1ea1n \u0111\u1ebfn t\u1eeb m\u1ed9t qu\u1ed1c gia ngo\u00e0i EU, b\u1ea1n th\u01b0\u1eddng c\u1ea7n th\u1ecb th\u1ef1c \u0111\u1ec3 l\u00e0m vi\u1ec7c. C\u00f3 ngo\u1ea1i l\u1ec7, v\u00ed d\u1ee5 \u0111\u1ed1i v\u1edbi c\u00f4ng d\u00e2n \u00dac, Israel, Nh\u1eadt B\u1ea3n, Canada, H\u00e0n Qu\u1ed1c, New Zealand, Hoa K\u1ef3 v\u00e0 V\u01b0\u01a1ng qu\u1ed1c Anh.<\/p>\n<\/div>\n<\/div>\n<\/div>\n\n\n\n<div class=\"gb-accordion__item\">\n<div role=\"button\" tabindex=\"0\" class=\"gb-accordion__toggle gb-accordion__toggle-3e94d91e\" id=\"gb-accordion-toggle-3e94d91e\">\n<span class=\"gb-text gb-text-43010a8d\">\u0110i\u1ec1u ki\u1ec7n \u0111\u1ec3 xin visa lao \u0111\u1ed9ng l\u00e0 g\u00ec?<\/span>\n\n\n\n<span class=\"gb-accordion__toggle-icon gb-accordion__toggle-icon-404cf170\"><span class=\"gb-accordion__toggle-icon-open\"><svg aria-hidden=\"true\" viewBox=\"0 0 256 256\"><rect width=\"256\" height=\"256\" fill=\"none\"><\/rect><line x1=\"40\" y1=\"128\" x2=\"216\" y2=\"128\" fill=\"none\" stroke=\"currentColor\" stroke-linecap=\"round\" stroke-linejoin=\"round\" stroke-width=\"16\"><\/line><line x1=\"128\" y1=\"40\" x2=\"128\" y2=\"216\" fill=\"none\" stroke=\"currentColor\" stroke-linecap=\"round\" stroke-linejoin=\"round\" stroke-width=\"16\"><\/line><\/svg><\/span><span class=\"gb-accordion__toggle-icon-close\"><svg aria-hidden=\"true\" viewBox=\"0 0 256 256\"><rect width=\"256\" height=\"256\" fill=\"none\"><\/rect><line x1=\"40\" y1=\"128\" x2=\"216\" y2=\"128\" fill=\"none\" stroke=\"currentColor\" stroke-linecap=\"round\" stroke-linejoin=\"round\" stroke-width=\"16\"><\/line><\/svg><\/span><\/span>\n<\/div>\n\n\n\n<div class=\"gb-accordion__content\" id=\"gb-accordion-content-f2ad2899\">\n<div class=\"gb-element-a6445333\">\n<p>B\u1ea1n c\u1ea7n b\u1eb1ng ngh\u1ec1 ho\u1eb7c b\u1eb1ng \u0111\u1ea1i h\u1ecdc \u0111\u01b0\u1ee3c c\u00f4ng nh\u1eadn v\u00e0 th\u01b0 m\u1eddi l\u00e0m vi\u1ec7c ph\u00f9 h\u1ee3p t\u1eeb m\u1ed9t nh\u00e0 tuy\u1ec3n d\u1ee5ng t\u1ea1i \u0110\u1ee9c. V\u1edbi m\u1ed9t s\u1ed1 ng\u00e0nh \u2014 v\u00ed d\u1ee5 y t\u1ebf \u2014 b\u1ea1n c\u00f2n c\u1ea7n gi\u1ea5y ph\u00e9p h\u00e0nh ngh\u1ec1. Ngo\u00e0i ra, b\u1ea1n th\u01b0\u1eddng ph\u1ea3i c\u00f3 ch\u1ee9ng ch\u1ec9 ti\u1ebfng \u0110\u1ee9c tr\u00ecnh \u0111\u1ed9 B1 ho\u1eb7c cao h\u01a1n.<\/p>\n<\/div>\n<\/div>\n<\/div>\n\n\n\n<div class=\"gb-accordion__item\">\n<div role=\"button\" tabindex=\"0\" class=\"gb-accordion__toggle gb-accordion__toggle-39d6910f\" id=\"gb-accordion-toggle-39d6910f\">\n<span class=\"gb-text gb-text-a0075196\">H\u1ed3 s\u01a1 xin visa c\u1ea7n nh\u1eefng gi\u1ea5y t\u1edd n\u00e0o?<\/span>\n\n\n\n<span class=\"gb-accordion__toggle-icon gb-accordion__toggle-icon-3ea640a0\"><span class=\"gb-accordion__toggle-icon-open\"><svg aria-hidden=\"true\" viewBox=\"0 0 256 256\"><rect width=\"256\" height=\"256\" fill=\"none\"><\/rect><line x1=\"40\" y1=\"128\" x2=\"216\" y2=\"128\" fill=\"none\" stroke=\"currentColor\" stroke-linecap=\"round\" stroke-linejoin=\"round\" stroke-width=\"16\"><\/line><line x1=\"128\" y1=\"40\" x2=\"128\" y2=\"216\" fill=\"none\" stroke=\"currentColor\" stroke-linecap=\"round\" stroke-linejoin=\"round\" stroke-width=\"16\"><\/line><\/svg><\/span><span class=\"gb-accordion__toggle-icon-close\"><svg aria-hidden=\"true\" viewBox=\"0 0 256 256\"><rect width=\"256\" height=\"256\" fill=\"none\"><\/rect><line x1=\"40\" y1=\"128\" x2=\"216\" y2=\"128\" fill=\"none\" stroke=\"currentColor\" stroke-linecap=\"round\" stroke-linejoin=\"round\" stroke-width=\"16\"><\/line><\/svg><\/span><\/span>\n<\/div>\n\n\n\n<div class=\"gb-accordion__content\" id=\"gb-accordion-content-adfab176\">\n<div class=\"gb-element-48432096\">\n<p>Th\u00f4ng th\u01b0\u1eddng c\u1ea7n: h\u1ed9 chi\u1ebfu c\u00f2n hi\u1ec7u l\u1ef1c; h\u1ee3p \u0111\u1ed3ng lao \u0111\u1ed9ng ho\u1eb7c th\u01b0 m\u1eddi l\u00e0m vi\u1ec7c c\u1ee5 th\u1ec3; b\u1eb1ng c\u1ea5p\/ch\u1ee9ng ch\u1ec9 ch\u1ee9ng minh tr\u00ecnh \u0111\u1ed9 (k\u00e8m quy\u1ebft \u0111\u1ecbnh c\u00f4ng nh\u1eadn n\u1ebfu c\u00f3); ch\u1ee9ng ch\u1ec9 ti\u1ebfng \u0110\u1ee9c (t\u00f9y ng\u00e0nh ngh\u1ec1); b\u1ea3o hi\u1ec3m y t\u1ebf; v\u00e0 n\u1ebfu \u0111\u01b0\u1ee3c y\u00eau c\u1ea7u, ch\u1ee9ng minh \u0111\u1ee7 ngu\u1ed3n t\u00e0i ch\u00ednh \u0111\u1ec3 sinh s\u1ed1ng c\u00f9ng x\u00e1c nh\u1eadn m\u1ee9c l\u01b0\u01a1ng.<\/p>\n<\/div>\n<\/div>\n<\/div>\n\n\n\n<div class=\"gb-accordion__item\">\n<div role=\"button\" tabindex=\"0\" class=\"gb-accordion__toggle gb-accordion__toggle-045ebe16\" id=\"gb-accordion-toggle-045ebe16\">\n<span class=\"gb-text gb-text-c37aece9\">Quy tr\u00ecnh visa k\u00e9o d\u00e0i bao l\u00e2u?<\/span>\n\n\n\n<span class=\"gb-accordion__toggle-icon gb-accordion__toggle-icon-dd951a47\"><span class=\"gb-accordion__toggle-icon-open\"><svg aria-hidden=\"true\" viewBox=\"0 0 256 256\"><rect width=\"256\" height=\"256\" fill=\"none\"><\/rect><line x1=\"40\" y1=\"128\" x2=\"216\" y2=\"128\" fill=\"none\" stroke=\"currentColor\" stroke-linecap=\"round\" stroke-linejoin=\"round\" stroke-width=\"16\"><\/line><line x1=\"128\" y1=\"40\" x2=\"128\" y2=\"216\" fill=\"none\" stroke=\"currentColor\" stroke-linecap=\"round\" stroke-linejoin=\"round\" stroke-width=\"16\"><\/line><\/svg><\/span><span class=\"gb-accordion__toggle-icon-close\"><svg aria-hidden=\"true\" viewBox=\"0 0 256 256\"><rect width=\"256\" height=\"256\" fill=\"none\"><\/rect><line x1=\"40\" y1=\"128\" x2=\"216\" y2=\"128\" fill=\"none\" stroke=\"currentColor\" stroke-linecap=\"round\" stroke-linejoin=\"round\" stroke-width=\"16\"><\/line><\/svg><\/span><\/span>\n<\/div>\n\n\n\n<div class=\"gb-accordion__content\" id=\"gb-accordion-content-17f4bd6d\">\n<div class=\"gb-element-91450d93\">\n<p>Quy tr\u00ecnh ti\u00eau chu\u1ea9n m\u1ea5t kho\u1ea3ng t\u1ed1i \u0111a b\u1ed1n th\u00e1ng n\u1ebfu h\u1ed3 s\u01a1 \u0111\u1ea7y \u0111\u1ee7. Th\u1ee7 t\u1ee5c nhanh d\u00e0nh cho lao \u0111\u1ed9ng tay ngh\u1ec1 c\u00f3 th\u1ec3 r\u00fat ng\u1eafn th\u1eddi gian (c\u00f3 thu ph\u00ed).<\/p>\n<\/div>\n<\/div>\n<\/div>\n\n\n\n<div class=\"gb-accordion__item\">\n<div role=\"button\" tabindex=\"0\" class=\"gb-accordion__toggle gb-accordion__toggle-7eee7a09\" id=\"gb-accordion-toggle-7eee7a09\">\n<span class=\"gb-text gb-text-46c27463\">Gia \u0111\u00ecnh t\u00f4i c\u00f3 th\u1ec3 \u0111i c\u00f9ng kh\u00f4ng?<\/span>\n\n\n\n<span class=\"gb-accordion__toggle-icon gb-accordion__toggle-icon-4e1c6f36\"><span class=\"gb-accordion__toggle-icon-open\"><svg aria-hidden=\"true\" viewBox=\"0 0 256 256\"><rect width=\"256\" height=\"256\" fill=\"none\"><\/rect><line x1=\"40\" y1=\"128\" x2=\"216\" y2=\"128\" fill=\"none\" stroke=\"currentColor\" stroke-linecap=\"round\" stroke-linejoin=\"round\" stroke-width=\"16\"><\/line><line x1=\"128\" y1=\"40\" x2=\"128\" y2=\"216\" fill=\"none\" stroke=\"currentColor\" stroke-linecap=\"round\" stroke-linejoin=\"round\" stroke-width=\"16\"><\/line><\/svg><\/span><span class=\"gb-accordion__toggle-icon-close\"><svg aria-hidden=\"true\" viewBox=\"0 0 256 256\"><rect width=\"256\" height=\"256\" fill=\"none\"><\/rect><line x1=\"40\" y1=\"128\" x2=\"216\" y2=\"128\" fill=\"none\" stroke=\"currentColor\" stroke-linecap=\"round\" stroke-linejoin=\"round\" stroke-width=\"16\"><\/line><\/svg><\/span><\/span>\n<\/div>\n\n\n\n<div class=\"gb-accordion__content\" id=\"gb-accordion-content-1b5f2963\">\n<div class=\"gb-element-5ef26961\">\n<p>C\u00f3, b\u1ea1n c\u00f3 th\u1ec3 b\u1ea3o l\u00e3nh gia \u0111\u00ecnh cho v\u1ee3\/ch\u1ed3ng v\u00e0 con d\u01b0\u1edbi tu\u1ed5i th\u00e0nh ni\u00ean. \u0110i\u1ec1u ki\u1ec7n g\u1ed3m \u0111\u1ea3m b\u1ea3o t\u00e0i ch\u00ednh v\u00e0 nh\u00e0 \u1edf ph\u00f9 h\u1ee3p. Nhi\u1ec1u tr\u01b0\u1eddng h\u1ee3p gia \u0111\u00ecnh c\u0169ng c\u1ea7n ch\u1ee9ng minh tr\u00ecnh \u0111\u1ed9 ti\u1ebfng \u0110\u1ee9c t\u1ed1i thi\u1ec3u A1.<\/p>\n<\/div>\n<\/div>\n<\/div>\n\n\n\n<div class=\"gb-accordion__item\">\n<div role=\"button\" tabindex=\"0\" class=\"gb-accordion__toggle gb-accordion__toggle-6f5152a9\" id=\"gb-accordion-toggle-6f5152a9\">\n<span class=\"gb-text gb-text-ab579299\">Khi n\u1ed9p h\u1ed3 s\u01a1, t\u00f4i c\u00f3 ph\u1ea3i bi\u1ebft ti\u1ebfng \u0110\u1ee9c kh\u00f4ng?<\/span>\n\n\n\n<span class=\"gb-accordion__toggle-icon gb-accordion__toggle-icon-c2a8806c\"><span class=\"gb-accordion__toggle-icon-open\"><svg aria-hidden=\"true\" viewBox=\"0 0 256 256\"><rect width=\"256\" height=\"256\" fill=\"none\"><\/rect><line x1=\"40\" y1=\"128\" x2=\"216\" y2=\"128\" fill=\"none\" stroke=\"currentColor\" stroke-linecap=\"round\" stroke-linejoin=\"round\" stroke-width=\"16\"><\/line><line x1=\"128\" y1=\"40\" x2=\"128\" y2=\"216\" fill=\"none\" stroke=\"currentColor\" stroke-linecap=\"round\" stroke-linejoin=\"round\" stroke-width=\"16\"><\/line><\/svg><\/span><span class=\"gb-accordion__toggle-icon-close\"><svg aria-hidden=\"true\" viewBox=\"0 0 256 256\"><rect width=\"256\" height=\"256\" fill=\"none\"><\/rect><line x1=\"40\" y1=\"128\" x2=\"216\" y2=\"128\" fill=\"none\" stroke=\"currentColor\" stroke-linecap=\"round\" stroke-linejoin=\"round\" stroke-width=\"16\"><\/line><\/svg><\/span><\/span>\n<\/div>\n\n\n\n<div class=\"gb-accordion__content\" id=\"gb-accordion-content-177f64b3\">\n<div class=\"gb-element-4652db4c\">\n<p>V\u1edbi m\u1ed9t s\u1ed1 ng\u00e0nh (v\u00ed d\u1ee5 \u0111i\u1ec1u d\u01b0\u1ee1ng, gi\u00e1o d\u1ee5c m\u1ea7m non, y khoa) ho\u1eb7c khi c\u00f4ng nh\u1eadn b\u1eb1ng c\u1ea5p, th\u01b0\u1eddng y\u00eau c\u1ea7u ti\u1ebfng \u0110\u1ee9c B1. Tr\u01b0\u1eddng h\u1ee3p kh\u00e1c c\u00f3 th\u1ec3 l\u00e0m vi\u1ec7c v\u1edbi y\u00eau c\u1ea7u ti\u1ebfng th\u1ea5p h\u01a1n ho\u1eb7c ti\u1ebfng Anh, nh\u01b0ng bi\u1ebft ti\u1ebfng \u0110\u1ee9c s\u1ebd gi\u00fap \u00edch cho h\u1ed3 s\u01a1 v\u00e0 cu\u1ed9c s\u1ed1ng h\u1eb1ng ng\u00e0y.<\/p>\n<\/div>\n<\/div>\n<\/div>\n\n\n\n<div class=\"gb-accordion__item\">\n<div role=\"button\" tabindex=\"0\" class=\"gb-accordion__toggle gb-accordion__toggle-853d5881\" id=\"gb-accordion-toggle-853d5881\">\n<span class=\"gb-text gb-text-c2fe71c2\">T\u00f4i c\u00f3 th\u1ec3 nh\u1eadp c\u1ea3nh b\u1eb1ng visa du l\u1ecbch r\u1ed3i \u0111\u1ed5i sang visa lao \u0111\u1ed9ng t\u1ea1i \u0110\u1ee9c kh\u00f4ng?<br>Select 82 more words to run Humanizer.<\/span>\n\n\n\n<span class=\"gb-accordion__toggle-icon gb-accordion__toggle-icon-011b30d0\"><span class=\"gb-accordion__toggle-icon-open\"><svg aria-hidden=\"true\" viewBox=\"0 0 256 256\"><rect width=\"256\" height=\"256\" fill=\"none\"><\/rect><line x1=\"40\" y1=\"128\" x2=\"216\" y2=\"128\" fill=\"none\" stroke=\"currentColor\" stroke-linecap=\"round\" stroke-linejoin=\"round\" stroke-width=\"16\"><\/line><line x1=\"128\" y1=\"40\" x2=\"128\" y2=\"216\" fill=\"none\" stroke=\"currentColor\" stroke-linecap=\"round\" stroke-linejoin=\"round\" stroke-width=\"16\"><\/line><\/svg><\/span><span class=\"gb-accordion__toggle-icon-close\"><svg aria-hidden=\"true\" viewBox=\"0 0 256 256\"><rect width=\"256\" height=\"256\" fill=\"none\"><\/rect><line x1=\"40\" y1=\"128\" x2=\"216\" y2=\"128\" fill=\"none\" stroke=\"currentColor\" stroke-linecap=\"round\" stroke-linejoin=\"round\" stroke-width=\"16\"><\/line><\/svg><\/span><\/span>\n<\/div>\n\n\n\n<div class=\"gb-accordion__content\" id=\"gb-accordion-content-c2d077c1\">\n<div class=\"gb-element-3ce1e367\">\n<p>Kh\u00f4ng, \u0111i\u1ec1u \u0111\u00f3 kh\u00f4ng th\u1ec3. Visa lao \u0111\u1ed9ng ph\u1ea3i n\u1ed9p t\u1eeb n\u01b0\u1edbc s\u1edf t\u1ea1i. Visa Schengen kh\u00f4ng cho ph\u00e9p l\u00e0m vi\u1ec7c v\u00e0 kh\u00f4ng th\u1ec3 \u0111\u1ed5i sang visa lao \u0111\u1ed9ng t\u1ea1i \u0110\u1ee9c.<\/p>\n<\/div>\n<\/div>\n<\/div>\n<\/div>\n<\/div>\n<\/div>\n","protected":false},"excerpt":{"rendered":"<p>NEXTSTAFF SERVICES Sang \u0110\u1ee9c an t\u00e2m, kh\u00f4ng lo th\u1ee7 t\u1ee5c D\u00f9 l\u00e0 visa h\u1ecdc ngh\u1ec1, visa lao \u0111\u1ed9ng, visa theo h\u1ea1n ng\u1ea1ch hay Th\u1ebb C\u01a1 H\u1ed9i (Opportunity Card) \u2014 ch\u00fang t\u00f4i \u0111\u1ed3ng h\u00e0nh c\u00e1 nh\u00e2n ho\u00e1 v\u00e0 h\u01b0\u1edbng d\u1eabn an to\u00e0n qua t\u1eebng b\u01b0\u1edbc n\u1ed9p h\u1ed3 s\u01a1. Nh\u1eadn t\u01b0 v\u1ea5n mi\u1ec5n ph\u00ed ngay C\u00e1c l\u1ef1a &#8230; <a title=\"Visa &amp; Gi\u1ea5y ph\u00e9p lao \u0111\u1ed9ng\" class=\"read-more\" href=\"https:\/\/nextstaff.net\/vi\/visa-giay-phep-lao-dong\/\" aria-label=\"\u0110\u1ecdc th\u00eam v\u1ec1 Visa &amp; Gi\u1ea5y ph\u00e9p lao \u0111\u1ed9ng\">\u0110\u1ecdc ti\u1ebfp<\/a><\/p>\n","protected":false},"author":1,"featured_media":0,"parent":0,"menu_order":0,"comment_status":"closed","ping_status":"closed","template":"","meta":{"footnotes":""},"class_list":["post-48546","page","type-page","status-publish"],"_links":{"self":[{"href":"https:\/\/nextstaff.net\/vi\/wp-json\/wp\/v2\/pages\/48546","targetHints":{"allow":["GET"]}}],"collection":[{"href":"https:\/\/nextstaff.net\/vi\/wp-json\/wp\/v2\/pages"}],"about":[{"href":"https:\/\/nextstaff.net\/vi\/wp-json\/wp\/v2\/types\/page"}],"author":[{"embeddable":true,"href":"https:\/\/nextstaff.net\/vi\/wp-json\/wp\/v2\/users\/1"}],"replies":[{"embeddable":true,"href":"https:\/\/nextstaff.net\/vi\/wp-json\/wp\/v2\/comments?post=48546"}],"version-history":[{"count":2,"href":"https:\/\/nextstaff.net\/vi\/wp-json\/wp\/v2\/pages\/48546\/revisions"}],"predecessor-version":[{"id":48581,"href":"https:\/\/nextstaff.net\/vi\/wp-json\/wp\/v2\/pages\/48546\/revisions\/48581"}],"wp:attachment":[{"href":"https:\/\/nextstaff.net\/vi\/wp-json\/wp\/v2\/media?parent=48546"}],"curies":[{"name":"wp","href":"https:\/\/api.w.org\/{rel}","templated":true}]}}